{"id":758,"date":"2019-03-04T19:36:55","date_gmt":"2019-03-05T00:36:55","guid":{"rendered":"http:\/\/idcanada.flywheelsites.com\/?page_id=758"},"modified":"2019-03-28T14:14:11","modified_gmt":"2019-03-28T18:14:11","slug":"fabricants-et-fournisseurs","status":"publish","type":"page","link":"https:\/\/staging.idcanada.org\/fr\/fabricants-et-fournisseurs\/","title":{"rendered":"fabricants et fournisseurs"},"content":{"rendered":"<p>[et_pb_section bb_built=\u00a0\u00bb1&Prime; fullwidth=\u00a0\u00bbon\u00a0\u00bb specialty=\u00a0\u00bboff\u00a0\u00bb next_background_color=\u00a0\u00bb#000000&Prime; _builder_version=\u00a0\u00bb3.20.2&Prime; module_class=\u00a0\u00bbabout-inside-page\u00a0\u00bb][et_pb_fullwidth_header _builder_version=\u00a0\u00bb3.20.2&Prime; title=\u00a0\u00bbfabricants et fournisseurs \u00a0\u00bb background_color=\u00a0\u00bbrgba(141,198,63,0)\u00a0\u00bb background_image=\u00a0\u00bbhttps:\/\/staging.idcanada.org\/wp-content\/uploads\/2019\/03\/board-banner.jpg\u00a0\u00bb background_layout=\u00a0\u00bblight\u00a0\u00bb \/][\/et_pb_section][et_pb_section bb_built=\u00a0\u00bb1&Prime; prev_background_color=\u00a0\u00bb#000000&Prime; _builder_version=\u00a0\u00bb3.20.2&Prime; custom_margin=\u00a0\u00bb|70px||70px\u00a0\u00bb background_color=\u00a0\u00bb#ffffff\u00a0\u00bb module_class=\u00a0\u00bbsuppliers\u00a0\u00bb][et_pb_row _builder_version=\u00a0\u00bb3.19.18&Prime; background_color=\u00a0\u00bb#ffffff\u00a0\u00bb custom_width_px=\u00a0\u00bb1140px\u00a0\u00bb module_class=\u00a0\u00bboverlap\u00a0\u00bb][et_pb_column type=\u00a0\u00bb4_4&Prime;][et_pb_text admin_label=\u00a0\u00bbfabricants et fournisseurs \u00a0\u00bb _builder_version=\u00a0\u00bb3.20.2&Prime;]<\/p>\n<h3>Les fabricants et fournisseurs de DIC b\u00e2tissent des relations pr\u00e9cieuses, renforcent leurs liens et font la promotion de leur marque au sein de la communaut\u00e9 du design d\u2019int\u00e9rieur. DIC procure un acc\u00e8s direct aux march\u00e9s cibles, ainsi que des occasions d\u2019appuyer l\u2019industrie gr\u00e2ce \u00e0 des \u00e9v\u00e9nements exclusifs et des programmes de marketing et de communications.<\/h3>\n<p>[\/et_pb_text][et_pb_toggle admin_label=\u00a0\u00bbd\u2019occasions de commandites\u00a0\u00bb _builder_version=\u00a0\u00bb3.20.2&Prime; title=\u00a0\u00bbd\u2019occasions de commandites\u00a0\u00bb title_level=\u00a0\u00bbh4&Prime; icon_color=\u00a0\u00bb#00aeef\u00a0\u00bb open_toggle_background_color=\u00a0\u00bbrgba(0,0,0,0)\u00a0\u00bb closed_toggle_background_color=\u00a0\u00bbrgba(0,0,0,0)\u00a0\u00bb title_text_color=\u00a0\u00bb#00aeef\u00a0\u00bb border_width_all=\u00a0\u00bb0px\u00a0\u00bb]<\/p>\n<p>La commandite est un moyen efficace de faire augmenter la reconnaissance de votre marque et d\u2019illustrer votre soutien aux DIC et \u00e0 la profession du design d\u2019int\u00e9rieur au Canada. Diverses possibilit\u00e9s de commandites s\u2019offrent \u00e0 vous tout au long de l\u2019ann\u00e9e pour vous aider \u00e0 obtenir plus de visibilit\u00e9 et \u00e0 mettre votre entreprise en march\u00e9 aupr\u00e8s de la communaut\u00e9 du design d\u2019int\u00e9rieur. Pour conna\u00eetre ces possibilit\u00e9s, veuillez consulter <a href=\"https:\/\/staging.idcanada.org\/wp-content\/uploads\/2019\/03\/IDC_Sponsorship2019_vFINAL.pdf\" target=\"_blank\" rel=\"noopener noreferrer\">le prospectus de commandites de DIC<\/a>.<\/p>\n<p><em>\u00c9v\u00e9nements DesignEx<\/em><\/p>\n<table>\n<tbody>\n<tr>\n<td>14 mars 2019<\/td>\n<td colspan=\"3\"><a href=\"https:\/\/staging.idcanada.org\/english\/sponsors\/H96WP-CU99T-V4EC7.htm#down\">DesignEx | DIC et IDIBC Victoria <\/a><\/td>\n<\/tr>\n<tr>\n<td>10 avril 2019<\/td>\n<td colspan=\"3\"><a href=\"https:\/\/staging.idcanada.org\/english\/sponsors\/5YPFS-PXX54-JJJFT.htm#down\">DesignEx DIC Halifax <\/a><\/td>\n<\/tr>\n<tr>\n<td>24 avril 2019<\/td>\n<td colspan=\"3\"><a href=\"https:\/\/staging.idcanada.org\/english\/sponsors\/BKWYJ-T5YGJ-Y46WD.htm#down\">Destination DesignEx DIC Qu\u00e9bec<\/a><\/td>\n<\/tr>\n<tr>\n<td>24 avril 2019<\/td>\n<td colspan=\"3\"><a href=\"https:\/\/staging.idcanada.org\/english\/sponsors\/W9A9N-5US56-VB9PW.htm#down\">Destination DesignEx DIC Qu\u00e9bec<\/a><\/td>\n<\/tr>\n<\/tbody>\n<\/table>\n<p>&nbsp;<\/p>\n<p><em>Symposium de design 2019<\/em><\/p>\n<p><a href=\"https:\/\/staging.idcanada.org\/english\/sponsors\/TYMF9-5SSAG-D7KHH.htm#down\">Commandite du discours-th\u00e8me du symposium de design de DIC<\/a><\/p>\n<p><a href=\"https:\/\/staging.idcanada.org\/english\/sponsors\/WFMCN-WJ4KN-K5VNE.htm#down\">Commandite d\u2019un oc\u00e9an \u00e0 l\u2019autre<\/a><\/p>\n<p><a href=\"https:\/\/staging.idcanada.org\/english\/sponsors\/JJMBW-MB84M-DNUTP.htm#down\">Principales commandites du symposium de design de DIC<\/a><\/p>\n<p><a href=\"https:\/\/staging.idcanada.org\/english\/sponsors\/E3UTC-KQTR9-MXRHD.htm#down\">Soutien des firmes de design, congr\u00e8s national de DIC 2019<\/a><\/p>\n<p><a href=\"https:\/\/staging.idcanada.org\/english\/sponsors\/VCPN5-8HH7Y-TE4JE.htm#down\">Commandite de la visite guid\u00e9e pour le Symposium de design de DIC<\/a><\/p>\n<p><a href=\"https:\/\/staging.idcanada.org\/english\/sponsors\/UKTFK-63QFQ-H45UQ.htm#down\">Commandite du programme national pour les nouveaux professionnels (PROpel)<\/a><\/p>\n<p><a href=\"https:\/\/staging.idcanada.org\/english\/sponsors\/EGUYN-B65PX-E57QQ.htm#down\">Commanditaire wifi du Symposium de design de DIC<\/a><\/p>\n<p><a href=\"https:\/\/staging.idcanada.org\/english\/sponsors\/GDQ34-ND8FF-V8WRJ.htm#down\">Commandite de l\u2019application de congr\u00e8s du Symposium de design de DIC<\/a><\/p>\n<p><a href=\"https:\/\/staging.idcanada.org\/english\/sponsors\/3VTVX-3UYHH-KEAXT.htm#down\">Commandite des troph\u00e9es des prix valeur du design du Symposium de design de DIC<\/a><\/p>\n<p><a href=\"https:\/\/staging.idcanada.org\/english\/sponsors\/PQBMH-8HRY6-68JV6.htm#down\">Commanditaire de la table de discussion du Symposium de design de DIC<\/a><\/p>\n<p><em>Programmes et r\u00e9unions<\/em><\/p>\n<p><a href=\"https:\/\/staging.idcanada.org\/english\/sponsors\/9QKSW-KVEB6-5JFFM.htm#down\">Commanditaire du sondage de DIC sur l\u2019analyse comparative et les pratiques exemplaires<\/a><\/p>\n<p><a href=\"https:\/\/staging.idcanada.org\/english\/sponsors\/R79NQ-F4JFE-AB8NJ.htm#down\">Tenue d\u2019une r\u00e9union du conseil de DIC<\/a><\/p>\n<p><a href=\"https:\/\/staging.idcanada.org\/english\/industry\/industry-sales-professional-course.html\">Cours de formation des professionnels de la vente de l\u2019industrie<\/a><\/p>\n<p>[\/et_pb_toggle][et_pb_toggle admin_label=\u00a0\u00bbannoncez avec DIC \u00a0\u00bb _builder_version=\u00a0\u00bb3.20.2&Prime; title=\u00a0\u00bbannoncez avec DIC \u00a0\u00bb title_level=\u00a0\u00bbh4&Prime; icon_color=\u00a0\u00bb#00aeef\u00a0\u00bb open_toggle_background_color=\u00a0\u00bbrgba(0,0,0,0)\u00a0\u00bb closed_toggle_background_color=\u00a0\u00bbrgba(0,0,0,0)\u00a0\u00bb title_text_color=\u00a0\u00bb#00aeef\u00a0\u00bb border_width_all=\u00a0\u00bb0px\u00a0\u00bb]<\/p>\n<p>\nLes membres de l\u2019industrie de DIC peuvent profiter d\u2019excellentes occasions de publicit\u00e9 pour entrer en contact avec les designers d\u2019int\u00e9rieur des quatre coins du pays. Pour en apprendre davantage sur l\u2019adh\u00e9sion \u00e0 titre de membre de l\u2019industrie, veuillez \u00e9crire \u00e0 <a href=\"mailto:industry@idcanada.org\">industry@idcanada.org<\/a>.<\/p>\n<p><strong>OPTIONS DE PUBLICIT\u00c9<\/strong><\/p>\n<p><strong>1. super banni\u00e8re<\/strong><br \/>\nCet emplacement de choix offre \u00e0 votre entreprise une visibilit\u00e9 de premier plan et un achalandage de qualit\u00e9.<\/p>\n<p><strong>2. banni\u00e8re inf\u00e9rieure<\/strong><br \/>\nLa banni\u00e8re inf\u00e9rieure offre \u00e0 votre entreprise une place pro\u00e9minente, directement sous l\u2019en-t\u00eate de l\u2019association.<\/p>\n<p><strong>3. encadr\u00e9<\/strong><br \/>\nCette position de grand format offre \u00e0 votre entreprise une bonne visibilit\u00e9 dans le corps du r\u00e9sum\u00e9 des nouvelles, apportant un achalandage de qualit\u00e9 \u00e0 votre site Web.<\/p>\n<p><strong>4. rappel texte<\/strong><br \/>\nInt\u00e9gr\u00e9 dans le fil de la nouvelle, une annonce de format \u00ab rappel texte \u00bb cible votre public d\u2019acheteurs au moyen d\u2019une image, d\u2019un titre de 5 mots et d\u2019une description de 25 mots.<\/p>\n<table>\n<tbody>\n<tr>\n<td><strong>TARIFS DES ANNONCES<\/strong><\/td>\n<td>2 num\u00e9ros<\/td>\n<td>4 num\u00e9ros<\/td>\n<td>26 num\u00e9ros<\/td>\n<\/tr>\n<tr>\n<td>super banni\u00e8re<\/td>\n<td>&nbsp;500$<\/td>\n<td>&nbsp;800$<\/td>\n<td>&nbsp;6,500$<\/td>\n<\/tr>\n<tr>\n<td>banni\u00e8re inf\u00e9rieure<\/td>\n<td>&nbsp;450$<\/td>\n<td>&nbsp;700$<\/td>\n<td>&nbsp;6,000$<\/td>\n<\/tr>\n<tr>\n<td>encadr\u00e9<\/td>\n<td>&nbsp;400$<\/td>\n<td>&nbsp;600$<\/td>\n<td>&nbsp;5,500$<\/td>\n<\/tr>\n<tr>\n<td>rappel texte<\/td>\n<td>&nbsp;350$<\/td>\n<td>&nbsp;500$<\/td>\n<td>&nbsp;5,000$<\/td>\n<\/tr>\n<\/tbody>\n<\/table>\n<p>&nbsp;<\/p>\n<p><a href=\"https:\/\/staging.idcanada.org\/wp-content\/uploads\/2019\/03\/IDCommunityAdvertising.pdf\" target=\"_blank\" rel=\"noopener noreferrer\">Consulter les sp\u00e9cifications des annonces ici<\/a>. Pour plus de renseignements, veuillez \u00e9crire \u00e0 <a href=\"mailto:industry@idcanada.org\" target=\"_blank\" rel=\"noopener noreferrer\">industry@idcanada.org<\/a>.<\/p>\n<p><strong>PROGRAMME DE DIFFUSION PAR COURRIEL DE DIC<\/strong><\/p>\n<p>Lorsque vous d\u00e9sirez faire conna\u00eetre un \u00e9v\u00e9nement \u00e0 venir ou lancer un produit, ayez recours au programme de diffusion par courriel de DIC pour inviter ou aviser les designers d\u2019int\u00e9rieur de votre communaut\u00e9. Cette annonce par courriel \u00e9clair est transmise \u00e0 la liste d\u2019envoi aux membres de DIC, ce qui en fait le meilleur moyen de mettre votre information sous les yeux des personnes de votre march\u00e9 cible et d\u2019augmenter votre visibilit\u00e9.<\/p>\n<p><strong>MODE D\u2019EMPLOI<\/strong><\/p>\n<p>1. Pour acheter une diffusion par courriel \u00e9clair, effectuez votre paiement en ligne. Membres, <a href=\"https:\/\/staging.idcanada.org\/english\/event-registration-template\/event-registration.html#id=1356&amp;cid=294&amp;wid=2501\">cliquez ici<\/a>. Non-membres, <a href=\"https:\/\/staging.idcanada.org\/english\/event-registration-template\/event-registration.html#id=1358&amp;cid=294&amp;wid=2501\">cliquez ici<\/a>.<\/p>\n<p>2. Une fois que votre paiement aura \u00e9t\u00e9 trait\u00e9, on vous demandera de faire parvenir le contenu de votre courriel \u00e9clair (HTML, JPEG ou PNG) ainsi qu\u2019un court \u00e9nonc\u00e9 percutant pour l\u2019objet du message, accompagn\u00e9 des hyperliens correspondants et de la date d\u2019envoi souhait\u00e9e. Votre dossier sera examin\u00e9 dans les deux (2) jours ouvrables suivants.<\/p>\n<p>3. Nous vous enverrons une \u00e9preuve de votre courriel \u00e9clair pour approbation, puis il sera inscrit \u00e0 l\u2019horaire d\u2019envoi et transmis.<\/p>\n<p>4. Nous pouvons vous fournir sur demande un rapport sur les taux d\u2019ouverture et de clics.<\/p>\n<p><strong>TROUSSE DE DESIGN<\/strong><br \/>\nDIC offre une trousse de design de base pour vous aider \u00e0 cr\u00e9er votre courriel \u00e9clair. Lorsque vous achetez un courriel \u00e9clair au moyen de notre formulaire de paiement en ligne, choisissez \u00ab Trousse de design de base \u00bb dans la liste d\u2019options avant de passer au paiement.<\/p>\n<p><strong>TARIF<\/strong><br \/>\n<a href=\"https:\/\/staging.idcanada.org\/wp-content\/uploads\/2019\/03\/EMAILBROADCASTFEES2018.pdf\" target=\"_blank\" rel=\"noopener noreferrer\">Consultez notre tableau de tarifs et les d\u00e9tails concernant le march\u00e9 cible<\/a>. La tarification est fond\u00e9e sur le nombre de membres dans votre r\u00e9gion cible. \u00c9conomisez en achetant ensemble un courriel \u00e9clair et une inscription sur le calendrier des \u00e9v\u00e9nements!<\/p>\n<p><strong>IMPORTANT<\/strong><br \/>\nDIC se r\u00e9serve le droit d\u2019annoncer des p\u00e9riodes d\u2019interruption des diffusions de courriels au cours de l\u2019ann\u00e9e lorsqu\u2019il n\u2019est pas possible de les envoyer en raison de conflits d\u2019\u00e9v\u00e9nements. Tous les courriels \u00e9clair affichent l\u2019avertissement suivant : \u00ab Ce courriel vous est offert au moyen du programme de diffusion de courriels de DIC, par lequel les entreprises peuvent acheter l\u2019envoi d\u2019un courriel \u00e9clair envoy\u00e9 \u00e0 l\u2019ensemble des membres de DIC. Cette liste de membres est contr\u00f4l\u00e9e par DIC. Aucun renseignement sur les membres ne sera transmis \u00e0 une tierce partie. \u00bb<\/p>\n<p><strong>MAGAZINE i+D de DIC et de l\u2019ASID<\/strong><\/p>\n<p>Annoncez avec i+D et faites valoir votre marque aupr\u00e8s de l\u2019ensemble de la communaut\u00e9 du design d\u2019int\u00e9rieur de l\u2019Am\u00e9rique du Nord. Le magazine est distribu\u00e9 \u00e0 plus de 30 000 membres de DIC et de l\u2019ASID. Veuillez consulter la <a href=\"https:\/\/staging.idcanada.org\/wp-content\/uploads\/2019\/03\/iD2019MediaPlanner.pdf\" target=\"_blank\" rel=\"noopener noreferrer\">trousse m\u00e9dia<\/a>&nbsp;pour conna\u00eetre toutes les possibilit\u00e9s de publicit\u00e9 et communiquez avec <a href=\"mailto:Tom.Davies@Stamats.com\">Tom Davies<\/a> pour toute demande de renseignements.<\/p>\n<p><strong>INSCRIPTION SUR LE CALENDRIER DES \u00c9V\u00c9NEMENTS<\/strong><\/p>\n<p>Faites la promotion d\u2019un prochain \u00e9v\u00e9nement, d\u2019un s\u00e9minaire ou d\u2019une conf\u00e9rence-midi aupr\u00e8s de tous les membres du Canada au moyen d\u2019une inscription sur le calendrier des \u00e9v\u00e9nements de DIC. Le calendrier des \u00e9v\u00e9nements est la source num\u00e9ro un pour le d\u00e9veloppement professionnel et les occasions de r\u00e9seautage pour les professionnels du design d\u2019int\u00e9rieur au Canada. Pour plus de renseignements, veuillez \u00e9crire \u00e0 <a href=\"mailto:industry@idcanada.org\">industry@idcanada.org<\/a>.<\/p>\n<p><strong>BANNI\u00c8RE PUBLICITAIRE sur la PAGE D\u2019ACCUEIL<\/strong><\/p>\n<p>La page d\u2019accueil de DIC est la page recevant le plus de visites sur le site Web, et elle compte plus de 370 000 pages vues par an. Le co\u00fbt d\u2019une banni\u00e8re publicitaire pendant un mois est de 1 000 $ pour les membres et de 2 000 $ pour les non-membres. Pour plus de renseignements, veuillez \u00e9crire \u00e0 <a href=\"mailto:industry@idcanada.org\">industry@idcanada.org<\/a>.<\/p>\n<p><strong>BANNI\u00c8RE PUBLICITAIRE sur le CALENDRIER DES \u00c9V\u00c9NEMENTS<\/strong><\/p>\n<p>Le calendrier des \u00e9v\u00e9nements de DIC est la deuxi\u00e8me page recevant le plus de visites sur le site Web, apr\u00e8s la page d\u2019accueil, et elle est la source num\u00e9ro un pour les membres de DIC en ce qui a trait au perfectionnement professionnel et aux occasions de r\u00e9seautage. Le co\u00fbt d\u2019une banni\u00e8re publicitaire pendant un mois est de 500 $ pour les membres et de 1 000 $ pour les non-membres. Pour plus de renseignements, veuillez \u00e9crire \u00e0 <a href=\"mailto:industry@idcanada.org\">industry@idcanada.org<\/a>.<\/p>\n<p><strong>AFFICHAGES PROMOTIONNELS DANS LES M\u00c9DIAS SOCIAUX<\/strong><\/p>\n<p>Concevez votre contenu et atteignez plus de 20 000 abonn\u00e9s dans l\u2019ensemble des plateformes de m\u00e9dias sociaux de DIC, notamment Facebook, Twitter, Instagram et LinkedIn. Offert aux membres de l\u2019industrie de DIC dans le cadre de la trousse d\u2019avantages accompagnant l\u2019adh\u00e9sion.<\/p>\n<p><strong>LOGOS DE L\u2019INDUSTRIE DE DIC<\/strong><\/p>\n<p>Marquez vos documents de marketing, votre salle d\u2019exposition ou vos bureaux du logo Partenaire de l\u2019industrie national, r\u00e9gional ou local pour signaler votre engagement envers notre industrie et \u00eatre reconnu par tous les membres de DIC. Offert aux membres de l\u2019industrie de DIC dans le cadre de la trousse d\u2019avantages accompagnant l\u2019adh\u00e9sion.<\/p>\n<p>[\/et_pb_toggle][\/et_pb_column][\/et_pb_row][\/et_pb_section]<\/p>\n","protected":false},"excerpt":{"rendered":"<p>Les fabricants et fournisseurs de DIC b\u00e2tissent des relations pr\u00e9cieuses, renforcent leurs liens et font la promotion de leur marque au sein de la communaut\u00e9 du design d\u2019int\u00e9rieur. DIC procure [&hellip;]<\/p>\n","protected":false},"author":1,"featured_media":0,"parent":0,"menu_order":7,"comment_status":"closed","ping_status":"closed","template":"","meta":{"_bbp_topic_count":0,"_bbp_reply_count":0,"_bbp_total_topic_count":0,"_bbp_total_reply_count":0,"_bbp_voice_count":0,"_bbp_anonymous_reply_count":0,"_bbp_topic_count_hidden":0,"_bbp_reply_count_hidden":0,"_bbp_forum_subforum_count":0,"_et_pb_use_builder":"on","_et_pb_old_content":"","_et_gb_content_width":"","_exactmetrics_skip_tracking":false,"_exactmetrics_sitenote_active":false,"_exactmetrics_sitenote_note":"","_exactmetrics_sitenote_category":0,"_price":"","_stock":"","_tribe_ticket_header":"","_tribe_default_ticket_provider":"","_tribe_ticket_capacity":"0","_ticket_start_date":"","_ticket_end_date":"","_tribe_ticket_show_description":"","_tribe_ticket_show_not_going":false,"_tribe_ticket_use_global_stock":"","_tribe_ticket_global_stock_level":"","_global_stock_mode":"","_global_stock_cap":"","_tribe_rsvp_for_event":"","_tribe_ticket_going_count":"","_tribe_ticket_not_going_count":"","_tribe_tickets_list":"[]","_tribe_ticket_has_attendee_info_fields":false,"footnotes":"","_tec_slr_enabled":"","_tec_slr_layout":""},"class_list":["post-758","page","type-page","status-publish","hentry"],"ticketed":false,"_links":{"self":[{"href":"https:\/\/staging.idcanada.org\/fr\/wp-json\/wp\/v2\/pages\/758","targetHints":{"allow":["GET"]}}],"collection":[{"href":"https:\/\/staging.idcanada.org\/fr\/wp-json\/wp\/v2\/pages"}],"about":[{"href":"https:\/\/staging.idcanada.org\/fr\/wp-json\/wp\/v2\/types\/page"}],"author":[{"embeddable":true,"href":"https:\/\/staging.idcanada.org\/fr\/wp-json\/wp\/v2\/users\/1"}],"replies":[{"embeddable":true,"href":"https:\/\/staging.idcanada.org\/fr\/wp-json\/wp\/v2\/comments?post=758"}],"version-history":[{"count":18,"href":"https:\/\/staging.idcanada.org\/fr\/wp-json\/wp\/v2\/pages\/758\/revisions"}],"predecessor-version":[{"id":800,"href":"https:\/\/staging.idcanada.org\/fr\/wp-json\/wp\/v2\/pages\/758\/revisions\/800"}],"wp:attachment":[{"href":"https:\/\/staging.idcanada.org\/fr\/wp-json\/wp\/v2\/media?parent=758"}],"curies":[{"name":"wp","href":"https:\/\/api.w.org\/{rel}","templated":true}]}}